{"id":31,"date":"2019-08-19T11:44:25","date_gmt":"2019-08-19T09:44:25","guid":{"rendered":"http:\/\/www.sandrine-esthetique.com\/WP\/?page_id=31"},"modified":"2024-04-03T09:40:50","modified_gmt":"2024-04-03T07:40:50","slug":"epilation","status":"publish","type":"page","link":"https:\/\/www.sandrine-esthetique.com\/WP\/epilation\/","title":{"rendered":"Epilation"},"content":{"rendered":"\n<p><strong>EPILATIONS :\u00a0(15 mns de modelage offertes)<\/strong><\/p>\n\n\n\n<figure class=\"wp-block-table\"><table><tbody><tr><td>\n  \u00bd Jambes\n  <\/td><td class=\"has-text-align-right\" data-align=\"right\">   22 \u20ac<\/td><\/tr><tr><td>   Jambes compl\u00e8tes<\/td><td class=\"has-text-align-right\" data-align=\"right\">28 \u20ac<\/td><\/tr><tr><td>   Aisselles<\/td><td class=\"has-text-align-right\" data-align=\"right\">12 \u20ac<\/td><\/tr><tr><td>   Cuisses<\/td><td class=\"has-text-align-right\" data-align=\"right\">25 \u20ac<\/td><\/tr><tr><td>   Bras<\/td><td class=\"has-text-align-right\" data-align=\"right\">A partir de 15 \u20ac<\/td><\/tr><tr><td>   Fesses<\/td><td class=\"has-text-align-right\" data-align=\"right\">15 \u20ac<\/td><\/tr><tr><td>   Maillot classique<\/td><td class=\"has-text-align-right\" data-align=\"right\">15 \u20ac<\/td><\/tr><tr><td>   Maillot \u00e9chancr\u00e9<\/td><td class=\"has-text-align-right\" data-align=\"right\">25 \u20ac<\/td><\/tr><tr><td>   Maillot int\u00e9gral<\/td><td class=\"has-text-align-right\" data-align=\"right\">30 \u20ac<\/td><\/tr><tr><td>   L\u00e8vres sup\u00e9rieures ou Sourcils ou Menton<\/td><td class=\"has-text-align-right\" data-align=\"right\">6 \u20ac<\/td><\/tr><tr><td>   Epilation visage et corps<\/td><td class=\"has-text-align-right\" data-align=\"right\">60 \u20ac<\/td><\/tr><tr><td>   Epilation visage entier<\/td><td class=\"has-text-align-right\" data-align=\"right\">30 \u20ac<\/td><\/tr><tr><td><strong><span style=\"text-decoration: underline;\">   FORFAITS<\/span><\/strong><\/td><td class=\"has-text-align-right\" data-align=\"right\"><\/td><\/tr><tr><td>   \u00bd jambes + aisselles + maillot classique   <\/td><td class=\"has-text-align-right\" data-align=\"right\">40 \u20ac<\/td><\/tr><tr><td>        + 10\u20ac maillot int\u00e9gral<\/td><td class=\"has-text-align-right\" data-align=\"right\"><\/td><\/tr><tr><td>        + 6\u20ac maillot \u00e9chancr\u00e9<\/td><td class=\"has-text-align-right\" data-align=\"right\"><\/td><\/tr><tr><td>   Cuisses (ou \u00bd Jambes) + Maillot int\u00e9gral<\/td><td class=\"has-text-align-right\" data-align=\"right\">45 \u20ac<\/td><\/tr><tr><td>   Aisselles + Maillot int\u00e9gral + Sourcils<\/td><td class=\"has-text-align-right\" data-align=\"right\">45 \u20ac<\/td><\/tr><tr><td>   Jambes compl\u00e8tes + Maillot int\u00e9gral + Aisselles<\/td><td class=\"has-text-align-right\" data-align=\"right\">59 \u20ac<\/td><\/tr><tr><td>   Jambes compl\u00e8tes + Aisselles + Maillot \u00e9chancr\u00e9 + L\u00e8vres + Sourcils<\/td><td class=\"has-text-align-right\" data-align=\"right\">62 \u20ac<\/td><\/tr><tr><td>   Jambes compl\u00e8tes + Aisselles + Maillot int\u00e9gral + L\u00e8vres + Sourcils<\/td><td class=\"has-text-align-right\" data-align=\"right\">70 \u20ac<\/td><\/tr><\/tbody><\/table><\/figure>\n\n\n\n<div class=\"wp-block-image\"><figure class=\"aligncenter\"><img loading=\"lazy\" decoding=\"async\" width=\"300\" height=\"300\" src=\"https:\/\/www.sandrine-esthetique.com\/WP\/wp-content\/uploads\/2019\/08\/epilation-laser.jpg\" alt=\"\" class=\"wp-image-38\" srcset=\"https:\/\/www.sandrine-esthetique.com\/WP\/wp-content\/uploads\/2019\/08\/epilation-laser.jpg 300w, https:\/\/www.sandrine-esthetique.com\/WP\/wp-content\/uploads\/2019\/08\/epilation-laser-150x150.jpg 150w, https:\/\/www.sandrine-esthetique.com\/WP\/wp-content\/uploads\/2019\/08\/epilation-laser-100x100.jpg 100w\" sizes=\"auto, (max-width: 300px) 100vw, 300px\" \/><\/figure><\/div>\n\n\n\n<p><strong>EPILATIONS SPECIFIQUES HOMMES<\/strong> : <\/p>\n\n\n\n<figure class=\"wp-block-table\"><table><tbody><tr><td>   Oreilles ou nez ou sourcils<\/td><td class=\"has-text-align-right\" data-align=\"right\">6 \u20ac<\/td><\/tr><tr><td>   Nuque ou \u00e9paules<\/td><td class=\"has-text-align-right\" data-align=\"right\">6 \u20ac<\/td><\/tr><tr><td>   Dos<\/td><td class=\"has-text-align-right\" data-align=\"right\">30 \u20ac<\/td><\/tr><tr><td>   Bras<\/td><td class=\"has-text-align-right\" data-align=\"right\">25 \u20ac<\/td><\/tr><tr><td>   Dos + \u00e9paules<\/td><td class=\"has-text-align-right\" data-align=\"right\">36 \u20ac<\/td><\/tr><tr><td>   Torse<\/td><td class=\"has-text-align-right\" data-align=\"right\">15 \u20ac<\/td><\/tr><tr><td>   Abdomen   <\/td><td class=\"has-text-align-right\" data-align=\"right\">   15 \u20ac<\/td><\/tr><tr><td>\n  Torse + Abdomen\n  <\/td><td class=\"has-text-align-right\" data-align=\"right\">   30 \u20ac<\/td><\/tr><tr><td>\n  Maillot Int\u00e9gral\n  <\/td><td class=\"has-text-align-right\" data-align=\"right\">   30 \u20ac<\/td><\/tr><tr><td>   Fesses<\/td><td class=\"has-text-align-right\" data-align=\"right\">15 \u20ac<\/td><\/tr><tr><td>\n  Formule \u00ab&nbsp;All Inclusive&nbsp;\u00bb (Corps entier)\n  <\/td><td class=\"has-text-align-right\" data-align=\"right\">   100 \u20ac<\/td><\/tr><\/tbody><\/table><\/figure>\n\n\n\n<div class=\"wp-block-image\"><figure class=\"aligncenter\"><img loading=\"lazy\" decoding=\"async\" width=\"230\" height=\"213\" src=\"https:\/\/www.sandrine-esthetique.com\/WP\/wp-content\/uploads\/2019\/08\/photo-conseil-epilation-cire-longue-duree.jpg\" alt=\"\" class=\"wp-image-39\"\/><\/figure><\/div>\n","protected":false},"excerpt":{"rendered":"<p>EPILATIONS :\u00a0(15 mns de modelage offertes) \u00bd Jambes 22 \u20ac Jambes compl\u00e8tes 28 \u20ac Aisselles 12 \u20ac Cuisses 25 \u20ac Bras A partir de 15 \u20ac Fesses 15 \u20ac Maillot classique 15 \u20ac Maillot \u00e9chancr\u00e9 25 \u20ac Maillot int\u00e9gral 30 \u20ac L\u00e8vres sup\u00e9rieures ou Sourcils ou Menton 6 \u20ac Epilation visage et corps 60 \u20ac &hellip; <\/p>\n<p class=\"link-more\"><a href=\"https:\/\/www.sandrine-esthetique.com\/WP\/epilation\/\" class=\"more-link\">Continuer la lecture<span class=\"screen-reader-text\"> de &laquo;&nbsp;Epilation&nbsp;&raquo;<\/span><\/a><\/p>\n","protected":false},"author":2,"featured_media":0,"parent":0,"menu_order":0,"comment_status":"closed","ping_status":"closed","template":"","meta":{"footnotes":""},"class_list":["post-31","page","type-page","status-publish","hentry"],"_links":{"self":[{"href":"https:\/\/www.sandrine-esthetique.com\/WP\/wp-json\/wp\/v2\/pages\/31","targetHints":{"allow":["GET"]}}],"collection":[{"href":"https:\/\/www.sandrine-esthetique.com\/WP\/wp-json\/wp\/v2\/pages"}],"about":[{"href":"https:\/\/www.sandrine-esthetique.com\/WP\/wp-json\/wp\/v2\/types\/page"}],"author":[{"embeddable":true,"href":"https:\/\/www.sandrine-esthetique.com\/WP\/wp-json\/wp\/v2\/users\/2"}],"replies":[{"embeddable":true,"href":"https:\/\/www.sandrine-esthetique.com\/WP\/wp-json\/wp\/v2\/comments?post=31"}],"version-history":[{"count":4,"href":"https:\/\/www.sandrine-esthetique.com\/WP\/wp-json\/wp\/v2\/pages\/31\/revisions"}],"predecessor-version":[{"id":138,"href":"https:\/\/www.sandrine-esthetique.com\/WP\/wp-json\/wp\/v2\/pages\/31\/revisions\/138"}],"wp:attachment":[{"href":"https:\/\/www.sandrine-esthetique.com\/WP\/wp-json\/wp\/v2\/media?parent=31"}],"curies":[{"name":"wp","href":"https:\/\/api.w.org\/{rel}","templated":true}]}}