{"id":43,"date":"2019-08-19T12:01:45","date_gmt":"2019-08-19T10:01:45","guid":{"rendered":"http:\/\/www.sandrine-esthetique.com\/WP\/?page_id=43"},"modified":"2024-04-03T09:40:50","modified_gmt":"2024-04-03T07:40:50","slug":"mains-pieds","status":"publish","type":"page","link":"https:\/\/www.sandrine-esthetique.com\/WP\/mains-pieds\/","title":{"rendered":"Mains &#038; Pieds"},"content":{"rendered":"\n<h2 class=\"wp-block-heading\">Mains et Pieds<\/h2>\n\n\n\n<p><strong>Beaut\u00e9 des mains et des pieds&nbsp;:<\/strong><br>&nbsp;<br>D\u00e9coration Simple offerte<br>&nbsp;<br>&nbsp;<br><strong>Beaut\u00e9 des mains&nbsp;:&nbsp;<\/strong><br>&nbsp;<\/p>\n\n\n\n<table class=\"wp-block-table\"><tbody><tr><td>Beaut\u00e9 des mains compl\u00e8te (gommage, masque etc \u2026)<\/td><td>30\u20ac<\/td><\/tr><tr><td>Soin des mains simple<\/td><td>25\u20ac<\/td><\/tr><tr><td>Pose de vernis et limage<\/td><td>12\u20ac<\/td><\/tr><tr><td>Pose de vernis<\/td><td>9\u20ac<\/td><\/tr><tr><td>Soin Br\u00e9silien (pochons)<\/td><td>39\u20ac<\/td><\/tr><\/tbody><\/table>\n\n\n\n<p>&nbsp;<br>&nbsp;<br>&nbsp;<br><strong>Beaut\u00e9 des pieds&nbsp;:<\/strong><br>&nbsp;<\/p>\n\n\n\n<table class=\"wp-block-table\"><tbody><tr><td>Beaut\u00e9 des pieds compl\u00e8te (gommage, masque etc\u2026)<\/td><td>30\u20ac<\/td><\/tr><tr><td>Soin des pieds simple<\/td><td>25\u20ac<\/td><\/tr><tr><td>Soin Br\u00e9silien (pochons)<\/td><td>39\u20ac<\/td><\/tr><\/tbody><\/table>\n\n\n\n<p>&nbsp;<br>&nbsp;<br>&nbsp;<br><strong>Semi-Permanent<\/strong>&nbsp;:<\/p>\n\n\n\n<table class=\"wp-block-table\"><tbody><tr><td>Semi-Permanent (Vital Nail Skin)<\/td><td>35\u20ac<\/td><\/tr><tr><td>Semi-Permanent simple<\/td><td>25\u20ac<\/td><\/tr><tr><td>D\u00e9pose semi-permanent<\/td><td>15\u20ac<\/td><\/tr><\/tbody><\/table>\n","protected":false},"excerpt":{"rendered":"<p>Mains et Pieds Beaut\u00e9 des mains et des pieds&nbsp;:&nbsp;D\u00e9coration Simple offerte&nbsp;&nbsp;Beaut\u00e9 des mains&nbsp;:&nbsp;&nbsp; Beaut\u00e9 des mains compl\u00e8te (gommage, masque etc \u2026) 30\u20ac Soin des mains simple 25\u20ac Pose de vernis et limage 12\u20ac Pose de vernis 9\u20ac Soin Br\u00e9silien (pochons) 39\u20ac &nbsp;&nbsp;&nbsp;Beaut\u00e9 des pieds&nbsp;:&nbsp; Beaut\u00e9 des pieds compl\u00e8te (gommage, masque etc\u2026) 30\u20ac Soin des pieds &hellip; <\/p>\n<p class=\"link-more\"><a href=\"https:\/\/www.sandrine-esthetique.com\/WP\/mains-pieds\/\" class=\"more-link\">Continuer la lecture<span class=\"screen-reader-text\"> de &laquo;&nbsp;Mains &#038; Pieds&nbsp;&raquo;<\/span><\/a><\/p>\n","protected":false},"author":2,"featured_media":0,"parent":0,"menu_order":0,"comment_status":"closed","ping_status":"closed","template":"","meta":{"footnotes":""},"class_list":["post-43","page","type-page","status-publish","hentry"],"_links":{"self":[{"href":"https:\/\/www.sandrine-esthetique.com\/WP\/wp-json\/wp\/v2\/pages\/43","targetHints":{"allow":["GET"]}}],"collection":[{"href":"https:\/\/www.sandrine-esthetique.com\/WP\/wp-json\/wp\/v2\/pages"}],"about":[{"href":"https:\/\/www.sandrine-esthetique.com\/WP\/wp-json\/wp\/v2\/types\/page"}],"author":[{"embeddable":true,"href":"https:\/\/www.sandrine-esthetique.com\/WP\/wp-json\/wp\/v2\/users\/2"}],"replies":[{"embeddable":true,"href":"https:\/\/www.sandrine-esthetique.com\/WP\/wp-json\/wp\/v2\/comments?post=43"}],"version-history":[{"count":3,"href":"https:\/\/www.sandrine-esthetique.com\/WP\/wp-json\/wp\/v2\/pages\/43\/revisions"}],"predecessor-version":[{"id":47,"href":"https:\/\/www.sandrine-esthetique.com\/WP\/wp-json\/wp\/v2\/pages\/43\/revisions\/47"}],"wp:attachment":[{"href":"https:\/\/www.sandrine-esthetique.com\/WP\/wp-json\/wp\/v2\/media?parent=43"}],"curies":[{"name":"wp","href":"https:\/\/api.w.org\/{rel}","templated":true}]}}