{"id":51,"date":"2019-08-19T12:10:58","date_gmt":"2019-08-19T10:10:58","guid":{"rendered":"http:\/\/www.sandrine-esthetique.com\/WP\/?page_id=51"},"modified":"2024-04-03T09:40:52","modified_gmt":"2024-04-03T07:40:52","slug":"soins","status":"publish","type":"page","link":"https:\/\/www.sandrine-esthetique.com\/WP\/soins\/","title":{"rendered":"Soins"},"content":{"rendered":"\n<h2 class=\"wp-block-heading\">Soins<\/h2>\n\n\n\n<p><strong>Les soins du visage\u00a0:\u00a0<\/strong>\u00a0<\/p>\n\n\n\n<figure class=\"wp-block-table\"><table><tbody><tr><td>Coup d&rsquo;\u00e9clat &#8211; grain parfait &#8211; Pour une peau sublim\u00e9e en un \u00e9clair (30 mn)<\/td><td class=\"has-text-align-right\" data-align=\"right\">49\u20ac<\/td><\/tr><tr><td>Eclat Divin &#8211; Pour une peau ressourc\u00e9e (60 mn)<\/td><td class=\"has-text-align-right\" data-align=\"right\">79\u20ac<\/td><\/tr><tr><td>Supr\u00eame Eclat &#8211; Pour une peau m\u00e9tamorphos\u00e9e (90 mn)<\/td><td class=\"has-text-align-right\" data-align=\"right\">109\u20ac<\/td><\/tr><tr><td>Yeux Doux &#8211; Pour un regard frais et d\u00e9fatigu\u00e9 (40 mn)<\/td><td class=\"has-text-align-right\" data-align=\"right\">35\u20ac<\/td><\/tr><\/tbody><\/table><\/figure>\n\n\n\n<figure class=\"wp-block-table\"><table><tbody><tr><td>For Men &#8211; Pour une peau ressourc\u00e9e (60 mn)<\/td><td class=\"has-text-align-right\" data-align=\"right\">79\u20ac<\/td><\/tr><\/tbody><\/table><\/figure>\n\n\n\n<div class=\"wp-block-image\"><figure class=\"aligncenter\"><img loading=\"lazy\" decoding=\"async\" width=\"295\" height=\"295\" src=\"https:\/\/www.sandrine-esthetique.com\/WP\/wp-content\/uploads\/2019\/08\/soin_visage_4.jpg\" alt=\"\" class=\"wp-image-52\" srcset=\"https:\/\/www.sandrine-esthetique.com\/WP\/wp-content\/uploads\/2019\/08\/soin_visage_4.jpg 295w, https:\/\/www.sandrine-esthetique.com\/WP\/wp-content\/uploads\/2019\/08\/soin_visage_4-150x150.jpg 150w, https:\/\/www.sandrine-esthetique.com\/WP\/wp-content\/uploads\/2019\/08\/soin_visage_4-100x100.jpg 100w\" sizes=\"auto, (max-width: 295px) 100vw, 295px\" \/><\/figure><\/div>\n\n\n\n<p><strong>Les soins du corps\u00a0:<\/strong><br>\u00a0<br><strong>15 mns de modelage offertes<\/strong><\/p>\n\n\n\n<figure class=\"wp-block-table\"><table><tbody><tr><td>Gommage Corps<\/td><td class=\"has-text-align-right\" data-align=\"right\">40\u20ac<\/td><\/tr><tr><td>Gommage Corps + massage 30 mn<\/td><td class=\"has-text-align-right\" data-align=\"right\">70\u20ac<\/td><\/tr><tr><td>Gommage Corps + massage 60 mn<\/td><td class=\"has-text-align-right\" data-align=\"right\">90\u20ac<\/td><\/tr><\/tbody><\/table><\/figure>\n\n\n\n<div class=\"wp-block-image\"><figure class=\"aligncenter\"><img loading=\"lazy\" decoding=\"async\" width=\"270\" height=\"300\" src=\"https:\/\/www.sandrine-esthetique.com\/WP\/wp-content\/uploads\/2019\/08\/soin-corps-270x300.jpg\" alt=\"\" class=\"wp-image-53\"\/><\/figure><\/div>\n\n\n\n<p><\/p>\n","protected":false},"excerpt":{"rendered":"<p>Soins Les soins du visage\u00a0:\u00a0\u00a0 Coup d&rsquo;\u00e9clat &#8211; grain parfait &#8211; Pour une peau sublim\u00e9e en un \u00e9clair (30 mn) 49\u20ac Eclat Divin &#8211; Pour une peau ressourc\u00e9e (60 mn) 79\u20ac Supr\u00eame Eclat &#8211; Pour une peau m\u00e9tamorphos\u00e9e (90 mn) 109\u20ac Yeux Doux &#8211; Pour un regard frais et d\u00e9fatigu\u00e9 (40 mn) 35\u20ac For Men &hellip; <\/p>\n<p class=\"link-more\"><a href=\"https:\/\/www.sandrine-esthetique.com\/WP\/soins\/\" class=\"more-link\">Continuer la lecture<span class=\"screen-reader-text\"> de &laquo;&nbsp;Soins&nbsp;&raquo;<\/span><\/a><\/p>\n","protected":false},"author":2,"featured_media":0,"parent":0,"menu_order":0,"comment_status":"closed","ping_status":"closed","template":"","meta":{"footnotes":""},"class_list":["post-51","page","type-page","status-publish","hentry"],"_links":{"self":[{"href":"https:\/\/www.sandrine-esthetique.com\/WP\/wp-json\/wp\/v2\/pages\/51","targetHints":{"allow":["GET"]}}],"collection":[{"href":"https:\/\/www.sandrine-esthetique.com\/WP\/wp-json\/wp\/v2\/pages"}],"about":[{"href":"https:\/\/www.sandrine-esthetique.com\/WP\/wp-json\/wp\/v2\/types\/page"}],"author":[{"embeddable":true,"href":"https:\/\/www.sandrine-esthetique.com\/WP\/wp-json\/wp\/v2\/users\/2"}],"replies":[{"embeddable":true,"href":"https:\/\/www.sandrine-esthetique.com\/WP\/wp-json\/wp\/v2\/comments?post=51"}],"version-history":[{"count":3,"href":"https:\/\/www.sandrine-esthetique.com\/WP\/wp-json\/wp\/v2\/pages\/51\/revisions"}],"predecessor-version":[{"id":162,"href":"https:\/\/www.sandrine-esthetique.com\/WP\/wp-json\/wp\/v2\/pages\/51\/revisions\/162"}],"wp:attachment":[{"href":"https:\/\/www.sandrine-esthetique.com\/WP\/wp-json\/wp\/v2\/media?parent=51"}],"curies":[{"name":"wp","href":"https:\/\/api.w.org\/{rel}","templated":true}]}}