{"id":57,"date":"2019-08-19T12:13:57","date_gmt":"2019-08-19T10:13:57","guid":{"rendered":"http:\/\/www.sandrine-esthetique.com\/WP\/?page_id=57"},"modified":"2024-04-03T09:40:51","modified_gmt":"2024-04-03T07:40:51","slug":"modelages","status":"publish","type":"page","link":"https:\/\/www.sandrine-esthetique.com\/WP\/modelages\/","title":{"rendered":"Modelages"},"content":{"rendered":"\n<h2 class=\"wp-block-heading\">Modelages<\/h2>\n\n\n\n<p><strong>Modelages&nbsp;Bien-Etre :<\/strong><\/p>\n\n\n\n<p><strong>1 \u20ac\/mn \u00e0 partir de 30mn<\/strong><\/p>\n\n\n\n<p>Au choix, personnalis\u00e9s<br>Modelage Lomi Lomi<br>Modelage Deep Tissue<br>Modelage Tha\u00ef aux huiles<br>Modelage su\u00e9dois<br>Modelage traditionnel Tha\u00ef des pieds<br>Jambes all\u00e9g\u00e9es et pieds l\u00e9gers<\/p>\n\n\n\n<p><strong>Le Lomi-Lomi :<\/strong><\/p>\n\n\n\n<p>Dans la pratique, le soin dure environ une heure. Il est fait de pressions gliss\u00e9es des mains, des avant-bras, des poings, altern\u00e9es avec des p\u00e9trissages, des acupressions, des frictions et des \u00e9tirements. Les masseurs ont souvent recours \u00e0 de l\u2019huile ti\u00e8de de mono\u00ef pour inviter davantage encore au voyage sensoriel. Mais aussi au Noni, une plante connue pour combattre les infections et pour apaiser les rhumatismes et l\u2019arthrite, notamment. Certains utilisent \u00e9galement le Tamanu, un arbre sacr\u00e9 dont l\u2019huile a des propri\u00e9t\u00e9s anti-infectieuses, anti-inflammatoires, antalgiques et cicatrisantes.<\/p>\n\n\n\n<p><strong>Le Deep Tissue :<\/strong><br>D\u2019une grande lenteur et d\u2019une grande profondeur sur nos muscles et tissus conjonctifs, le massage Deep tissue rel\u00e2che les tensions sous cet effet que procure la main pour que les muscles retrouvent leurs souplesses.<br>Id\u00e9al pour les athl\u00e8tes et les gens souffrant de douleur chronique, le massage Deep tissue est surtout reconnu pour ses effets sur le plan musculaire. Il diminue les douleurs et l\u2019inflammation.<\/p>\n\n\n\n<p><strong>Le modelage Tha\u00ef aux huiles :<\/strong><br>Modelage du corps global, d\u00e9nud\u00e9 et qui s\u2019effectue sur table. Une diff\u00e9rence par rapport au traditionnel est la pratique des lissages et effleurages ce qui explique l\u2019utilisation de l\u2019huile de modelage.<\/p>\n\n\n\n<p><strong>Le Su\u00e9dois&nbsp;ou le modelage profond, dynamique&nbsp;<\/strong>: dur\u00e9e 1h<\/p>\n\n\n\n<p>Il vise \u00e0 dissoudre les tensions et \u00e0 raffermir les muscles et les articulations. Son effet tonifiant et relaxant favorise la circulation sanguine et lymphatique et l\u2019\u00e9limination des toxines, il&nbsp;aide le corps \u00e0 retrouver son \u00e9quilibre naturel.<\/p>\n\n\n\n<p><strong>Le massage traditionnel Tha\u00ef des pieds \u2013 R\u00e9flexologie \u00e0 la Tha\u00eflandaise&nbsp;<\/strong>: dur\u00e9e 1h<\/p>\n\n\n\n<p>Ce massage de la plante des pieds s\u2019effectue avec un petit objet en bois, appel\u00e9 \u00ab&nbsp;Mandou&nbsp;\u00bb,&nbsp;un baume et les mains de l\u2019esth\u00e9ticienne avec une action sur chaque organe du corps en am\u00e9liorant le m\u00e9tabolisme en g\u00e9n\u00e9ral, restaurant le calme et am\u00e9liorant la qualit\u00e9 du sommeil tout en \u00e9vacuant la col\u00e8re, le stress, l\u2019angoisse et l\u2019anxi\u00e9t\u00e9.<\/p>\n\n\n\n<p><strong>Jambes all\u00e9g\u00e9es et pieds l\u00e9gers&nbsp;<\/strong>: dur\u00e9e 1h<\/p>\n\n\n\n<p>Les stimulations sont effectu\u00e9es avec les mains ou \u00e0 l\u2019aide de bambous de diff\u00e9rentes tailles et d\u2019huile de massage. Ce soin concerne les personnes qui ont d\u00e9cid\u00e9 d\u2019arr\u00eater de fumer, de mincir ou de retrouver leur&nbsp;silhouette apr\u00e8s une grossesse.<\/p>\n\n\n\n<p><strong>Le drainage lymphatique Visage &amp; Corps&nbsp;<\/strong>: dur\u00e9e 1h<\/p>\n\n\n\n<p>Favorise et am\u00e9liore&nbsp;la circulation de retour du sang, la r\u00e9g\u00e9n\u00e9ration des tissus, il a un effet immunologique. Ces fonctions&nbsp;ont un effet b\u00e9n\u00e9fique sur les \u0153d\u00e8mes, les gonflements, les r\u00e9tentions d\u2019eau, les probl\u00e8mes de cellulites, le vieillissement de la peau etc\u2026<br>Elles sont g\u00e9n\u00e9ralement perturb\u00e9es par le froid, la fatigue, la s\u00e9dentarit\u00e9.<br>&nbsp;<br>&nbsp;<\/p>\n\n\n\n<h2 class=\"wp-block-heading\">Les forfaits<\/h2>\n\n\n\n<p><strong>Forfait de Modelage minceur 12 s\u00e9ances 20 min<\/strong>&nbsp;:220\u20ac<\/p>\n\n\n\n<p><strong>Forfait de&nbsp;&nbsp;Modelage minceur \u00e0 l\u2019ann\u00e9e 4 s\u00e9ances par mois 20 min<\/strong>&nbsp;:&nbsp; 1500\u20ac au lieu de 1760\u20ac<\/p>\n\n\n\n<p>Combat la cellulite et la formation d\u2019amas graisseux&nbsp;: palp\u00e9 roul\u00e9 manuel, p\u00e9trissages et drainage. Concentr\u00e9s en actifs minceurs. Stimulation des points d\u2019\u00e9limination Shiatsu. Cibl\u00e9 sur les zones \u00e0&nbsp; traiter&nbsp;: cuisses, fesses, bras, ventre, taille, dos.<\/p>\n\n\n\n<p><strong><em>Ces s\u00e9ances &nbsp;\u00bb Bien-Etre &nbsp;\u00bb peuvent aussi se d\u00e9rouler en &nbsp;:<\/em><\/strong><\/p>\n\n\n\n<p><strong><em>30 mn \/ 30 \u20ac<\/em><\/strong><\/p>\n\n\n\n<p><strong><em>45 mn \/ 45 \u20ac<\/em><\/strong><\/p>\n\n\n\n<p><strong><em>80 mn \/ 80 \u20ac<\/em><\/strong><\/p>\n\n\n\n<div class=\"wp-block-image\"><figure class=\"aligncenter\"><img loading=\"lazy\" decoding=\"async\" width=\"300\" height=\"194\" src=\"https:\/\/www.sandrine-esthetique.com\/WP\/wp-content\/uploads\/2019\/08\/modelage_1.jpg\" alt=\"\" class=\"wp-image-58\"\/><\/figure><\/div>\n","protected":false},"excerpt":{"rendered":"<p>Modelages Modelages&nbsp;Bien-Etre : 1 \u20ac\/mn \u00e0 partir de 30mn Au choix, personnalis\u00e9sModelage Lomi LomiModelage Deep TissueModelage Tha\u00ef aux huilesModelage su\u00e9doisModelage traditionnel Tha\u00ef des piedsJambes all\u00e9g\u00e9es et pieds l\u00e9gers Le Lomi-Lomi : Dans la pratique, le soin dure environ une heure. Il est fait de pressions gliss\u00e9es des mains, des avant-bras, des poings, altern\u00e9es avec des &hellip; <\/p>\n<p class=\"link-more\"><a href=\"https:\/\/www.sandrine-esthetique.com\/WP\/modelages\/\" class=\"more-link\">Continuer la lecture<span class=\"screen-reader-text\"> de &laquo;&nbsp;Modelages&nbsp;&raquo;<\/span><\/a><\/p>\n","protected":false},"author":2,"featured_media":0,"parent":0,"menu_order":0,"comment_status":"closed","ping_status":"closed","template":"","meta":{"footnotes":""},"class_list":["post-57","page","type-page","status-publish","hentry"],"_links":{"self":[{"href":"https:\/\/www.sandrine-esthetique.com\/WP\/wp-json\/wp\/v2\/pages\/57","targetHints":{"allow":["GET"]}}],"collection":[{"href":"https:\/\/www.sandrine-esthetique.com\/WP\/wp-json\/wp\/v2\/pages"}],"about":[{"href":"https:\/\/www.sandrine-esthetique.com\/WP\/wp-json\/wp\/v2\/types\/page"}],"author":[{"embeddable":true,"href":"https:\/\/www.sandrine-esthetique.com\/WP\/wp-json\/wp\/v2\/users\/2"}],"replies":[{"embeddable":true,"href":"https:\/\/www.sandrine-esthetique.com\/WP\/wp-json\/wp\/v2\/comments?post=57"}],"version-history":[{"count":1,"href":"https:\/\/www.sandrine-esthetique.com\/WP\/wp-json\/wp\/v2\/pages\/57\/revisions"}],"predecessor-version":[{"id":59,"href":"https:\/\/www.sandrine-esthetique.com\/WP\/wp-json\/wp\/v2\/pages\/57\/revisions\/59"}],"wp:attachment":[{"href":"https:\/\/www.sandrine-esthetique.com\/WP\/wp-json\/wp\/v2\/media?parent=57"}],"curies":[{"name":"wp","href":"https:\/\/api.w.org\/{rel}","templated":true}]}}