{"id":61,"date":"2019-08-19T12:19:03","date_gmt":"2019-08-19T10:19:03","guid":{"rendered":"http:\/\/www.sandrine-esthetique.com\/WP\/?page_id=61"},"modified":"2024-04-03T09:40:50","modified_gmt":"2024-04-03T07:40:50","slug":"maquillage","status":"publish","type":"page","link":"https:\/\/www.sandrine-esthetique.com\/WP\/maquillage\/","title":{"rendered":"Maquillage"},"content":{"rendered":"\n<h2 class=\"wp-block-heading\">Maquillage<\/h2>\n\n\n\n<p><strong>Maquillages&nbsp;<\/strong>:<\/p>\n\n\n\n<table class=\"wp-block-table\"><tbody><tr><td>Maquillage Jour<\/td><td>30\u20ac<\/td><\/tr><tr><td>Maquillage Soir<\/td><td>40\u20ac<\/td><\/tr><tr><td>Maquillage Mari\u00e9e (avec essais)<\/td><td>90\u20ac<\/td><\/tr><\/tbody><\/table>\n\n\n\n<p><strong>Forfait Mariage :&nbsp;<\/strong><br>Maquillage offert pour la mari\u00e9e (*)<\/p>\n\n\n\n<p>(*) Si 3h de prestations au choix dans la m\u00eame journ\u00e9e d\u2019un montant de<strong>&nbsp;150\u20ac<\/strong><br>&nbsp;<br><strong>Teinture des Cils ou des Sourcils<\/strong>&nbsp;(soins anti-rides inclus) :&nbsp;<strong>17\u20ac<\/strong><br>&nbsp;<br><strong>D\u00e9coloration des Duvets :<\/strong><br>Visage :&nbsp;<strong>15\u20ac<\/strong><\/p>\n\n\n\n<p>L\u00e8vre sup\u00e9rieure :&nbsp;<strong>10\u20ac<\/strong><\/p>\n\n\n\n<p>Bras ou Cuisses :&nbsp;<strong>25\u20ac<\/strong><\/p>\n\n\n\n<p>Bras et Cuisses :&nbsp;<strong>50\u20ac<\/strong><\/p>\n\n\n\n<p><strong>NOUVEAU : Forfait \u00ab Soir\u00e9e Esth\u00e9tique Party \u00bb&nbsp;<\/strong>:&nbsp;<strong>150\u20ac<\/strong><br>3h de prestations personnalis\u00e9es pour 3 personnes, le m\u00eame jour \u2013 buffet offert<\/p>\n\n\n\n<div class=\"wp-block-image\"><figure class=\"aligncenter is-resized\"><a href=\"http:\/\/www.sandrine-esthetique.com\/wp-content\/uploads\/2012\/06\/maquillage-ceremonie-85.jpg\"><img loading=\"lazy\" decoding=\"async\" src=\"https:\/\/www.sandrine-esthetique.com\/WP\/wp-content\/uploads\/2019\/08\/maquillage-ceremonie-85.jpg\" alt=\"\" class=\"wp-image-62\" width=\"325\" height=\"217\" srcset=\"https:\/\/www.sandrine-esthetique.com\/WP\/wp-content\/uploads\/2019\/08\/maquillage-ceremonie-85.jpg 650w, https:\/\/www.sandrine-esthetique.com\/WP\/wp-content\/uploads\/2019\/08\/maquillage-ceremonie-85-300x200.jpg 300w\" sizes=\"auto, (max-width: 325px) 100vw, 325px\" \/><\/a><\/figure><\/div>\n","protected":false},"excerpt":{"rendered":"<p>Maquillage Maquillages&nbsp;: Maquillage Jour 30\u20ac Maquillage Soir 40\u20ac Maquillage Mari\u00e9e (avec essais) 90\u20ac Forfait Mariage :&nbsp;Maquillage offert pour la mari\u00e9e (*) (*) Si 3h de prestations au choix dans la m\u00eame journ\u00e9e d\u2019un montant de&nbsp;150\u20ac&nbsp;Teinture des Cils ou des Sourcils&nbsp;(soins anti-rides inclus) :&nbsp;17\u20ac&nbsp;D\u00e9coloration des Duvets :Visage :&nbsp;15\u20ac L\u00e8vre sup\u00e9rieure :&nbsp;10\u20ac Bras ou Cuisses :&nbsp;25\u20ac Bras &hellip; <\/p>\n<p class=\"link-more\"><a href=\"https:\/\/www.sandrine-esthetique.com\/WP\/maquillage\/\" class=\"more-link\">Continuer la lecture<span class=\"screen-reader-text\"> de &laquo;&nbsp;Maquillage&nbsp;&raquo;<\/span><\/a><\/p>\n","protected":false},"author":2,"featured_media":0,"parent":0,"menu_order":0,"comment_status":"closed","ping_status":"closed","template":"","meta":{"footnotes":""},"class_list":["post-61","page","type-page","status-publish","hentry"],"_links":{"self":[{"href":"https:\/\/www.sandrine-esthetique.com\/WP\/wp-json\/wp\/v2\/pages\/61","targetHints":{"allow":["GET"]}}],"collection":[{"href":"https:\/\/www.sandrine-esthetique.com\/WP\/wp-json\/wp\/v2\/pages"}],"about":[{"href":"https:\/\/www.sandrine-esthetique.com\/WP\/wp-json\/wp\/v2\/types\/page"}],"author":[{"embeddable":true,"href":"https:\/\/www.sandrine-esthetique.com\/WP\/wp-json\/wp\/v2\/users\/2"}],"replies":[{"embeddable":true,"href":"https:\/\/www.sandrine-esthetique.com\/WP\/wp-json\/wp\/v2\/comments?post=61"}],"version-history":[{"count":1,"href":"https:\/\/www.sandrine-esthetique.com\/WP\/wp-json\/wp\/v2\/pages\/61\/revisions"}],"predecessor-version":[{"id":63,"href":"https:\/\/www.sandrine-esthetique.com\/WP\/wp-json\/wp\/v2\/pages\/61\/revisions\/63"}],"wp:attachment":[{"href":"https:\/\/www.sandrine-esthetique.com\/WP\/wp-json\/wp\/v2\/media?parent=61"}],"curies":[{"name":"wp","href":"https:\/\/api.w.org\/{rel}","templated":true}]}}