{"id":68,"date":"2019-08-19T12:42:19","date_gmt":"2019-08-19T10:42:19","guid":{"rendered":"http:\/\/www.sandrine-esthetique.com\/WP\/?page_id=68"},"modified":"2024-04-03T09:40:51","modified_gmt":"2024-04-03T07:40:51","slug":"mentions-legales","status":"publish","type":"page","link":"https:\/\/www.sandrine-esthetique.com\/WP\/mentions-legales\/","title":{"rendered":"Mentions l\u00e9gales"},"content":{"rendered":"\n<h2 class=\"wp-block-heading\"><a href=\"http:\/\/www.sandrine-esthetique.com\/mentions-legales\/\">Mentions l\u00e9gales<\/a><\/h2>\n\n\n\n<p><strong>Ce site vous est propos\u00e9 par :<\/strong><\/p>\n\n\n\n<p><strong>Sandrine Esth\u00e9tique \u2013 Le Bien-Etre \u00e0 domicile<\/strong><\/p>\n\n\n\n<p><strong>R\u00e9alisation technique du site:&nbsp;<\/strong>Pascal Thirion (voir contacts, webmaster) , \u00e0 partir du logiciel libre WORDPRESS<\/p>\n\n\n\n<p>(merci \u00e0 Cedryck pour la mise en place de la maquette du site initial)<\/p>\n\n\n\n<p><strong>Directrice de&nbsp;publication:<\/strong>&nbsp;Sandrine FRENEAUX&nbsp;(voir menu contact, Directrice de la publication)<br>&nbsp;<br>Ce site est h\u00e9berg\u00e9 par 1&amp;1 Internet SARL \u2013 7, place de la Gare \u2013 57200 Sarreguemines T\u00e9l.&nbsp;<strong>0825 080 020<\/strong>&nbsp;(appel factur\u00e9 0,15 \u20ac\/min depuis un poste fixe en France m\u00e9tropolitaine).&nbsp;&nbsp;Par email,&nbsp;<strong>&nbsp;<a href=\"mailto:support@1and1.fr\">support@1and1.fr<\/a>&nbsp;<\/strong><br>&nbsp;<\/p>\n\n\n\n<p><strong>Mise en garde :&nbsp;<\/strong><strong>Les diff\u00e9rentes techniques de modelages esth\u00e9tiques (d\u00e9tente, bien-\u00eatre, hygi\u00e8ne, beaut\u00e9 de la peau, minceur) constituent principalement le r\u00f4le de l\u2019esth\u00e9ticienne. Les&nbsp;prestations techniques du toucher d\u00e9tente \u2013 commun\u00e9ment qualifi\u00e9es de \u00ab&nbsp;massages&nbsp;\u00bb n\u2019ont aucun caract\u00e8re m\u00e9dical ,&nbsp;th\u00e9rapeutique ou sexuel.<\/strong><\/p>\n\n\n\n<p><strong>Droits de reproduction:<\/strong><\/p>\n\n\n\n<p>Ce site rel\u00e8ve de la l\u00e9gislation fran\u00e7aise sur le droit d\u2019auteur et la propri\u00e9t\u00e9 intellectuelle en ce qui concerne son contenu. La reproduction de tout ou partie du contenu de ce site sur support \u00e9lectronique ou support papier (y compris les documents t\u00e9l\u00e9chargeables) est formellement interdite sauf autorisation expresse provenant du&nbsp;Directeur de la publication susnomm\u00e9. L\u2019usage des documents et articles propos\u00e9s doit rester priv\u00e9 et en relation directe avec les activites d\u00e9crites sur le site.<\/p>\n\n\n\n<p><strong>Liens externes:<\/strong><\/p>\n\n\n\n<p>Notre responsabilit\u00e9 ne saurait \u00eatre engag\u00e9e sur les contenus des sites externes dont les liens sont pr\u00e9sents dans le contenu du site. La finalit\u00e9 des liens externes est&nbsp;de compl\u00e9ter la teneur des articles du site et d\u2019\u00e9viter des copies d\u2019informations en liant ce site aux sites sources de ces donn\u00e9es. Si vous constatez la pr\u00e9sence d\u2019un lien qui vous parait d\u00e9plac\u00e9, choquant ou n\u2019\u00e9tant pas en rapport direct avec les activit\u00e9s d\u00e9crites sur le site, merci de nous le faire savoir par les moyens de contact indiqu\u00e9s ci-dessous, nous v\u00e9rifierons et au besoin supprimerons dans les meilleurs d\u00e9lais tout article litigieux.<\/p>\n\n\n\n<p><strong>Contenus:<\/strong><\/p>\n\n\n\n<p>Les informations propos\u00e9es par ce site sont fournies \u00e0 titre indicatif et ne substituent en aucun cas des indications ou prescriptions d\u2019ordre m\u00e9dical que seuls les professionnels de sant\u00e9 sont aptes \u00e0 d\u00e9livrer.<\/p>\n\n\n\n<p><strong>Mise \u00e0 jour:<\/strong><\/p>\n\n\n\n<p>La mise \u00e0 jour du site est r\u00e9alis\u00e9e r\u00e9guli\u00e8rement&nbsp;par le webmaster. Les documents et articles sont revus par le Directeur de la publication avant mise en ligne sur le site. Le&nbsp;contenu du site Internet peut toutefois comporter des inexactitudes ou omissions, il sera mis \u00e0 jour dans les plus brefs&nbsp;d\u00e9lais en cas d\u2019anomalie constat\u00e9e ou signal\u00e9e. Si vous constatez un lien erron\u00e9 ou manquant, une omission ou une erreur, vous pouvez le faire savoir aupr\u00e8s des responsables publication ou technique du site par courriel, t\u00e9l\u00e9phone, fax, ou par voie postale, les coordonn\u00e9es de contact sont rappel\u00e9es ci-dessous.&nbsp;<br>&nbsp;<br><strong>Donn\u00e9es personnelles:<\/strong><br>Les informations \u00e9ventuelles recueillies et utilis\u00e9es sur le site&nbsp;le sont uniquement sur la base de la d\u00e9claration volontaire des personnes concern\u00e9es lors de leur acc\u00e8s au site. Les informations obligatoires&nbsp;pour la gestion du site ou des activit\u00e9s d\u00e9crites sur le site sont&nbsp;indiqu\u00e9es par une mention obligatoire explicite (texte ou signe d\u2019indication), elles se limitent en g\u00e9n\u00e9ral aux noms,&nbsp;pr\u00e9nom, adresses postale et&nbsp;mail, t\u00e9l\u00e9phone et uniquement quand n\u00e9cessaire \u00e0 la facilitation des contacts et \u00e9changes. D\u2019autres informations telles que des cookies peuvent \u00eatre plac\u00e9es sur votre ordinateur afin de faciliter votre navigation sur le site, les cookies peuvent \u00eatre d\u00e9sactiv\u00e9s sur votre ordinateur (pour cela, consulter l\u2019aide ou notice d\u2019utilisation de votre navigateur). Enfin, nous pouvons \u00eatre amen\u00e9s \u00e0 collecter des adresses IP \u2013 adresse de votre ordinateur sur le r\u00e9seau internet \u2013 dans le cadre de la lutte contre l\u2019utilisation abusive des sites et adresses (spam, tentative d\u2019intrusion).<br>Ces informations sont collect\u00e9es&nbsp;\u00e0 des fins de gestion interne et d\u2019utillisation statistiques (connexion et fr\u00e9quentation du site). Les adresses mails collect\u00e9es nous permettent de vous adresser des communications, ce uniquement dans le cadre des activit\u00e9s d\u00e9crites sur le site, par exemple newsletter ou communications de type actualit\u00e9s ou promotions. Nous nous engageons \u00e0 ne pas les communiquer ni&nbsp;les c\u00e9der \u00e0 des tiers.&nbsp;Nous ne publions en aucun cas&nbsp;les&nbsp;donn\u00e9es personnelles sur la partie publique \u2013 internet \u2013 du site. Seuls&nbsp;les noms, pr\u00e9noms et fonctions des responsables publication et technique&nbsp;sont visibles sur le site, ceci afin de faciliter les&nbsp;contacts avec ces personnes dans le cadre de l\u2019activit\u00e9&nbsp;d\u00e9crite.<br>&nbsp;<br><strong>Droit d\u2019acc\u00e8s et de rectification:<\/strong><\/p>\n\n\n\n<p>Les informations nominatives&nbsp;peuvent faire&nbsp;l\u2019objet d\u2019un traitement automatis\u00e9. Conform\u00e9ment \u00e0 la loi n\u00b0 78-17 du 6 janvier 1978, vous b\u00e9n\u00e9ficiez d\u2019un droit d\u2019acc\u00e8s \u00e0 ces informations et, le cas \u00e9ch\u00e9ant, du droit de rectification ou&nbsp;d\u2019opposition \u00e0 leur conservation ou publication. Ce droit est \u00e9tendu aux m\u00e9dias (photos et videos) \u00e9ventuellement publi\u00e9s sur le site ainsi qu\u2019aux listes de distribution des communications par mail pour lesquelles vos pouvez d\u00e9cider de vous d\u00e9sabonner. Si vous souhaitez exercer ce droit, merci de bien vouloir nous&nbsp;pr\u00e9ciser quelle(s) donn\u00e9e(s) vous souhaitez supprimer et nous contacter :<\/p>\n\n\n\n<p>Par courrier \u00e9lectronique (mail)&nbsp;:<\/p>\n\n\n\n<p>Directrice de Publication : &nbsp;<a href=\"mailto:contact@sandrine-esthetique.com\">contact@sandrine-esthetique.com<\/a><\/p>\n\n\n\n<p>Administrateur du site &nbsp;<a href=\"mailto:webmaster@sandrine-esthetique.com\">webmaster@sandrine-esthetique.com<\/a><\/p>\n\n\n\n<p>ou par courrier postal \u00e0 :<\/p>\n\n\n\n<p><strong>Sandrine Esth\u00e9tique \u2013 Le Bien-Etre \u00e0 domicile<\/strong><\/p>\n\n\n\n<p>210 Chemin des Roses \u2013 Parc des Trois Roses Bat B1 \u2013 06700 SAINT LAURENT DU VAR<\/p>\n\n\n\n<p>SIRET: 510&nbsp; 989 684 00012<\/p>\n","protected":false},"excerpt":{"rendered":"<p>Mentions l\u00e9gales Ce site vous est propos\u00e9 par : Sandrine Esth\u00e9tique \u2013 Le Bien-Etre \u00e0 domicile R\u00e9alisation technique du site:&nbsp;Pascal Thirion (voir contacts, webmaster) , \u00e0 partir du logiciel libre WORDPRESS (merci \u00e0 Cedryck pour la mise en place de la maquette du site initial) Directrice de&nbsp;publication:&nbsp;Sandrine FRENEAUX&nbsp;(voir menu contact, Directrice de la publication)&nbsp;Ce site &hellip; <\/p>\n<p class=\"link-more\"><a href=\"https:\/\/www.sandrine-esthetique.com\/WP\/mentions-legales\/\" class=\"more-link\">Continuer la lecture<span class=\"screen-reader-text\"> de &laquo;&nbsp;Mentions l\u00e9gales&nbsp;&raquo;<\/span><\/a><\/p>\n","protected":false},"author":2,"featured_media":0,"parent":0,"menu_order":0,"comment_status":"closed","ping_status":"closed","template":"","meta":{"footnotes":""},"class_list":["post-68","page","type-page","status-publish","hentry"],"_links":{"self":[{"href":"https:\/\/www.sandrine-esthetique.com\/WP\/wp-json\/wp\/v2\/pages\/68","targetHints":{"allow":["GET"]}}],"collection":[{"href":"https:\/\/www.sandrine-esthetique.com\/WP\/wp-json\/wp\/v2\/pages"}],"about":[{"href":"https:\/\/www.sandrine-esthetique.com\/WP\/wp-json\/wp\/v2\/types\/page"}],"author":[{"embeddable":true,"href":"https:\/\/www.sandrine-esthetique.com\/WP\/wp-json\/wp\/v2\/users\/2"}],"replies":[{"embeddable":true,"href":"https:\/\/www.sandrine-esthetique.com\/WP\/wp-json\/wp\/v2\/comments?post=68"}],"version-history":[{"count":2,"href":"https:\/\/www.sandrine-esthetique.com\/WP\/wp-json\/wp\/v2\/pages\/68\/revisions"}],"predecessor-version":[{"id":95,"href":"https:\/\/www.sandrine-esthetique.com\/WP\/wp-json\/wp\/v2\/pages\/68\/revisions\/95"}],"wp:attachment":[{"href":"https:\/\/www.sandrine-esthetique.com\/WP\/wp-json\/wp\/v2\/media?parent=68"}],"curies":[{"name":"wp","href":"https:\/\/api.w.org\/{rel}","templated":true}]}}