{"id":8,"date":"2019-08-19T11:24:58","date_gmt":"2019-08-19T09:24:58","guid":{"rendered":"http:\/\/www.sandrine-esthetique.com\/WP\/?page_id=8"},"modified":"2024-04-03T09:40:48","modified_gmt":"2024-04-03T07:40:48","slug":"accueil","status":"publish","type":"page","link":"https:\/\/www.sandrine-esthetique.com\/WP\/","title":{"rendered":"Accueil"},"content":{"rendered":"<p style=\"text-align: center;\">\n<p style=\"text-align: center;\">Vous \u00eates press\u00e9(e) ? Vous ne trouvez plus le temps de prendre soin de vous ? J\u2019ai la solution \u00e0 votre probl\u00e8me. Je vous propose mes services\u00a0dans votre foyer, au jour et \u00e0 l\u2019heure de votre convenance.<\/p>\n<p style=\"text-align: center;\">\n<p style=\"text-align: center;\">Etant esth\u00e9ticienne \u00e0 domicile, je me d\u00e9place dans le d\u00e9partement des Alpes Maritimes, de Mandelieu \u00e0 Monaco. Je r\u00e9ponds ainsi \u00e0 l\u2019attente d\u2019une client\u00e8le en augmentation constante attir\u00e9e par l\u2019ambiance d\u2019un soin complet, confortablement install\u00e9e chez elle. Je prends tout le temps n\u00e9cessaire \u00e0 une \u00e9tude compl\u00e8te d\u2019un soin personnalis\u00e9 li\u00e9 aux besoins de votre peau.<\/p>\n<p style=\"text-align: center;\">\n<p style=\"text-align: center;\">Innovation, Efficacit\u00e9, Qualit\u00e9, Professionnalisme, Dynamisme.<\/p>\n<p style=\"text-align: center;\">\n<p style=\"text-align: center;\">Au f\u00e9minin comme au masculin, je suis \u00e0 votre disposition, \u00e0 votre \u00e9coute afin de r\u00e9pondre \u00e0 vos besoins. Je recr\u00e9e une ambiance chaleureuse, confortable et mets tout en \u0153uvre pour votre confort et bien-\u00eatre dans votre petit cocon familial. Le suivi des r\u00e9sultats de mes soins et services sp\u00e9cifiques sont tr\u00e8s complets. Vous retrouverez la douceur, la finesse, la jeunesse et l\u2019\u00e9clat de votre visage et de votre corps.<\/p>\n<p style=\"text-align: center;\">\n<p style=\"text-align: center;\">Vous trouverez sur ce site tous les d\u00e9tails des prestations qui sont totalement personnalis\u00e9es ; la prestation qui vous correspond le mieux, techniques et produits utilis\u00e9s. J\u2019ai choisi ces marques pour leurs qualit\u00e9s et leur avant-gardisme pour leur fabrication biologique tel que \u00ab\u00a0<strong>Oxalia<\/strong> \u00bb pour les soins du corps et visage. J\u2019utilise \u00e9galement la marque \u00ab <strong>NYX Professional Makeup<\/strong> \u00bb pour le maquillage et \u00ab <strong>Mavala<\/strong> \u00bb pour la beaut\u00e9 des mains et des pieds&#8230; etc.) car je veux le meilleur pour vous : des r\u00e9sultats imm\u00e9diats, une sensation d\u2019\u00e9vasion pendant le temps de votre prestation, du choix dans la qualit\u00e9 tant sur les produits utilis\u00e9s que sur les protocoles de soins.<\/p>\n<p style=\"text-align: center;\">\n<p style=\"text-align: center;\">Vous manquez d\u2019id\u00e9es pour un cadeau original ? Seul(e)) ou en couple, pensez aux bons d\u2019achats, bon cadeaux.<\/p>\n<p style=\"text-align: center;\">\n<p style=\"text-align: center;\">Je vous souhaite une bonne visite sur ce site et je suis \u00e0 votre dispositions du lundi au samedi de 8h \u00e0 20h \u2026<\/p>\n<p style=\"text-align: center;\">Appelez-moi ou\u00a0<a href=\"http:\/\/www.sandrine-esthetique.com\/contact\">contactez-moi<\/a>\u00a0d\u00e8s aujourd\u2019hui !<\/p>\n<p style=\"text-align: center;\"><span id=\"eeb-312615-246437\"><\/span><script type=\"text\/javascript\">(function() {var ml=\"faB0E6tlF8r2eDh7AC%3\",mi=\"BCA1B;3>:<0BC=B;;6<7BC@B;2CC539;;?5?;B;;BC435B;339B;3;;B;3?5B;3?;BCAB;81BC4\",o=\"\";for(var j=0,l=mi.length;j<l;j++) {o+=ml.charAt(mi.charCodeAt(j)-48);}document.getElementById(\"eeb-312615-246437\").innerHTML = decodeURIComponent(o);}());<\/script><noscript>*protected email*<\/noscript><br \/>\n<a href=\"mailto:sandrine@sandrine-esthetique.com\">sandrine@sandrine-esthetique.com<\/a><\/p>\n","protected":false},"excerpt":{"rendered":"<p>Vous \u00eates press\u00e9(e) ? Vous ne trouvez plus le temps de prendre soin de vous ? J\u2019ai la solution \u00e0 votre probl\u00e8me. Je vous propose mes services\u00a0dans votre foyer, au jour et \u00e0 l\u2019heure de votre convenance. Etant esth\u00e9ticienne \u00e0 domicile, je me d\u00e9place dans le d\u00e9partement des Alpes Maritimes, de Mandelieu \u00e0 Monaco. Je &hellip; <\/p>\n<p class=\"link-more\"><a href=\"https:\/\/www.sandrine-esthetique.com\/WP\/\" class=\"more-link\">Continuer la lecture<span class=\"screen-reader-text\"> de &laquo;&nbsp;Accueil&nbsp;&raquo;<\/span><\/a><\/p>\n","protected":false},"author":2,"featured_media":0,"parent":0,"menu_order":0,"comment_status":"closed","ping_status":"closed","template":"","meta":{"footnotes":""},"class_list":["post-8","page","type-page","status-publish","hentry"],"_links":{"self":[{"href":"https:\/\/www.sandrine-esthetique.com\/WP\/wp-json\/wp\/v2\/pages\/8","targetHints":{"allow":["GET"]}}],"collection":[{"href":"https:\/\/www.sandrine-esthetique.com\/WP\/wp-json\/wp\/v2\/pages"}],"about":[{"href":"https:\/\/www.sandrine-esthetique.com\/WP\/wp-json\/wp\/v2\/types\/page"}],"author":[{"embeddable":true,"href":"https:\/\/www.sandrine-esthetique.com\/WP\/wp-json\/wp\/v2\/users\/2"}],"replies":[{"embeddable":true,"href":"https:\/\/www.sandrine-esthetique.com\/WP\/wp-json\/wp\/v2\/comments?post=8"}],"version-history":[{"count":9,"href":"https:\/\/www.sandrine-esthetique.com\/WP\/wp-json\/wp\/v2\/pages\/8\/revisions"}],"predecessor-version":[{"id":140,"href":"https:\/\/www.sandrine-esthetique.com\/WP\/wp-json\/wp\/v2\/pages\/8\/revisions\/140"}],"wp:attachment":[{"href":"https:\/\/www.sandrine-esthetique.com\/WP\/wp-json\/wp\/v2\/media?parent=8"}],"curies":[{"name":"wp","href":"https:\/\/api.w.org\/{rel}","templated":true}]}}